{"id":290,"date":"2023-08-02T13:28:43","date_gmt":"2023-08-02T11:28:43","guid":{"rendered":"https:\/\/www.majuno.fr\/?p=290"},"modified":"2024-09-02T11:12:27","modified_gmt":"2024-09-02T09:12:27","slug":"les-luminaires-par-marine-breynaert","status":"publish","type":"product","link":"https:\/\/www.majuno.fr\/en\/product\/the-strawby-valerie-colas-des-francs-2\/","title":{"rendered":"The lighting by <br\/><small>Marine Breynaert<\/small>"},"content":{"rendered":"<p>Let the light come through with Marine Breynaert's iconic pieces in turned and brushed solid brass or in textured epoxy-finished solid aluminium.<br>Don't be afraid to collect them, the clean lines and unique style of her lamps and candleholders will blend in with any interior.<br>Arrange your room by choosing between these 4 shades, including a shade of green that's been exclusively designed for this collection with Majuno. Elegance is guaranteed.<\/p>\n\n\n\n<figure class=\"wp-block-gallery has-nested-images columns-default is-cropped wp-block-gallery-1 is-layout-flex wp-block-gallery-is-layout-flex\">\n<figure class=\"wp-block-image size-large col-1\"><img alt=\"Paire de lampes modernes sur fond blanc.\" decoding=\"async\" width=\"683\" height=\"1024\" data-id=\"767\" src=\"https:\/\/www.majuno.fr\/wp-content\/uploads\/2023\/08\/0W5A5331-683x1024.jpg\" class=\"wp-image-767\" srcset=\"https:\/\/www.majuno.fr\/wp-content\/uploads\/2023\/08\/0W5A5331-683x1024.jpg 683w, https:\/\/www.majuno.fr\/wp-content\/uploads\/2023\/08\/0W5A5331-200x300.jpg 200w, https:\/\/www.majuno.fr\/wp-content\/uploads\/2023\/08\/0W5A5331-768x1152.jpg 768w, https:\/\/www.majuno.fr\/wp-content\/uploads\/2023\/08\/0W5A5331-1024x1536.jpg 1024w, https:\/\/www.majuno.fr\/wp-content\/uploads\/2023\/08\/0W5A5331-1366x2048.jpg 1366w, https:\/\/www.majuno.fr\/wp-content\/uploads\/2023\/08\/0W5A5331-600x900.jpg 600w, https:\/\/www.majuno.fr\/wp-content\/uploads\/2023\/08\/0W5A5331-scaled.jpg 1707w\" sizes=\"(max-width: 683px) 100vw, 683px\" \/><figcaption class=\"wp-element-caption\">Alexandre lamps<\/figcaption><\/figure>\n\n\n\n<figure class=\"wp-block-image size-large col-1\"><img alt=\"Porte-bougies modernes avec bougies blanches\" decoding=\"async\" width=\"683\" height=\"1024\" data-id=\"768\" src=\"https:\/\/www.majuno.fr\/wp-content\/uploads\/2023\/08\/0W5A5339-683x1024.jpg\" class=\"wp-image-768\" srcset=\"https:\/\/www.majuno.fr\/wp-content\/uploads\/2023\/08\/0W5A5339-683x1024.jpg 683w, https:\/\/www.majuno.fr\/wp-content\/uploads\/2023\/08\/0W5A5339-200x300.jpg 200w, https:\/\/www.majuno.fr\/wp-content\/uploads\/2023\/08\/0W5A5339-768x1152.jpg 768w, https:\/\/www.majuno.fr\/wp-content\/uploads\/2023\/08\/0W5A5339-1024x1536.jpg 1024w, https:\/\/www.majuno.fr\/wp-content\/uploads\/2023\/08\/0W5A5339-1366x2048.jpg 1366w, https:\/\/www.majuno.fr\/wp-content\/uploads\/2023\/08\/0W5A5339-600x900.jpg 600w, https:\/\/www.majuno.fr\/wp-content\/uploads\/2023\/08\/0W5A5339-scaled.jpg 1707w\" sizes=\"(max-width: 683px) 100vw, 683px\" \/><figcaption class=\"wp-element-caption\">Alexandre candle holders<\/figcaption><\/figure>\n\n\n\n<figure class=\"wp-block-image size-large col-1\"><img alt=\"Bougeoirs modernes color\u00e9s avec bougies blanches.\" decoding=\"async\" width=\"683\" height=\"1024\" data-id=\"769\" src=\"https:\/\/www.majuno.fr\/wp-content\/uploads\/2023\/08\/0W5A5361-683x1024.jpg\" class=\"wp-image-769\" srcset=\"https:\/\/www.majuno.fr\/wp-content\/uploads\/2023\/08\/0W5A5361-683x1024.jpg 683w, https:\/\/www.majuno.fr\/wp-content\/uploads\/2023\/08\/0W5A5361-200x300.jpg 200w, https:\/\/www.majuno.fr\/wp-content\/uploads\/2023\/08\/0W5A5361-768x1152.jpg 768w, https:\/\/www.majuno.fr\/wp-content\/uploads\/2023\/08\/0W5A5361-1024x1536.jpg 1024w, https:\/\/www.majuno.fr\/wp-content\/uploads\/2023\/08\/0W5A5361-1366x2048.jpg 1366w, https:\/\/www.majuno.fr\/wp-content\/uploads\/2023\/08\/0W5A5361-600x900.jpg 600w, https:\/\/www.majuno.fr\/wp-content\/uploads\/2023\/08\/0W5A5361-scaled.jpg 1707w\" sizes=\"(max-width: 683px) 100vw, 683px\" \/><figcaption class=\"wp-element-caption\">Alexandre \u2013 Eros \u2013 Galaxy<\/figcaption><\/figure>\n<\/figure>\n\n\n\n<p>Art and design are the central themes of Marine's story, a multifaceted creator who has multiple degrees in fine arts, interior design and textile design. But it's very early, in her grandfather's workshop, surrounded by workers she couldn't stop looking at, that she takes a liking to metal.<br>Her relationship with the material is almost visceral, the pieces of metal are heavy, and sanding, cutting, moving and assembling them is a very physically compromised job... it's a demanding task with a final result that feels dainty and ethereal. The contrast between an object's material nature and our perception of it is what's at the heart of Marine's work, as is the challenge of making metal and glass converse. Each piece is handmade and unique.<\/p>\n\n\n\n<p class=\"has-small-font-size\">All of our candle holders and lamps  are available in 4 colors: Mustard, Majuno Green, Peacock Blue and Black<\/p>\n\n\n\n<div class=\"wp-block-group is-vertical is-layout-flex wp-container-core-group-is-layout-8cf370e7 wp-block-group-is-layout-flex\">\n<div class=\"wp-block-group\"><div class=\"wp-block-group__inner-container is-layout-constrained wp-block-group-is-layout-constrained\">\n<div class=\"wp-block-group is-vertical is-layout-flex wp-container-core-group-is-layout-8cf370e7 wp-block-group-is-layout-flex\">\n<p>Alexandre candle holder <\/p>\n\n\n\n<p class=\"has-small-font-size\">Turned and brushed solid brass.<br>Epoxy-finished solid aluminium.<\/p>\n\n\n\n<div class=\"wp-block-group\"><div class=\"wp-block-group__inner-container is-layout-constrained wp-block-group-is-layout-constrained\">\n<div class=\"wp-block-group is-vertical is-layout-flex wp-container-core-group-is-layout-8cf370e7 wp-block-group-is-layout-flex\">\n<p class=\"has-small-font-size\">Height : 112mm \/ Diameter: 100mm \/ Weight : 1000g<\/p>\n\n\n\n<p><\/p>\n<\/div>\n<\/div><\/div>\n<\/div>\n<\/div><\/div>\n<\/div>\n\n\n\n<div class=\"wp-block-group is-vertical is-layout-flex wp-container-core-group-is-layout-8cf370e7 wp-block-group-is-layout-flex\">\n<p>Galaxy candle holder <\/p>\n\n\n\n<p class=\"has-small-font-size\">Turned and brushed solid brass.<br>Handpainted solid aluminium.<\/p>\n\n\n\n<div class=\"wp-block-group\"><div class=\"wp-block-group__inner-container is-layout-constrained wp-block-group-is-layout-constrained\">\n<p class=\"has-small-font-size\">Height : 77mm \/ Diameter: 140mm \/ Candle support diameter: 74mm \/ Weight : 3200g<\/p>\n<\/div><\/div>\n<\/div>\n\n\n\n<div class=\"wp-block-group is-vertical is-layout-flex wp-container-core-group-is-layout-8cf370e7 wp-block-group-is-layout-flex\">\n<p>Eros candle holder <\/p>\n\n\n\n<p class=\"has-small-font-size\">Turned and brushed solid brass.<br>Handpainted solid aluminium.<\/p>\n\n\n\n<div class=\"wp-block-group\"><div class=\"wp-block-group__inner-container is-layout-constrained wp-block-group-is-layout-constrained\">\n<p class=\"has-small-font-size\">Height : 110mm \/ Diameter: 80mm \/ Weight : 1400g<\/p>\n<\/div><\/div>\n<\/div>\n\n\n\n<div class=\"wp-block-group is-vertical is-layout-flex wp-container-core-group-is-layout-8cf370e7 wp-block-group-is-layout-flex\">\n<p>Alexandre lamp <\/p>\n\n\n\n<div class=\"wp-block-group\"><div class=\"wp-block-group__inner-container is-layout-constrained wp-block-group-is-layout-constrained\">\n<p class=\"has-small-font-size\">Turned and brushed solid brass and aluminium.<br>Ribbed glass lampshade.<\/p>\n\n\n\n<div class=\"wp-block-group is-vertical is-layout-flex wp-container-core-group-is-layout-8cf370e7 wp-block-group-is-layout-flex\">\n<p class=\"has-small-font-size\">Total height : 352mm \/ Foot height (socket included): 102mm \/ Shade diameter: 100mm Shade height: 250mm \/ Foot diameter: 60mm \/ Weight : 3500g<\/p>\n<\/div>\n<\/div><\/div>\n<\/div>\n\n\n\n<hr class=\"wp-block-separator has-alpha-channel-opacity\"\/>\n\n\n<h3 class=\"wp-block-heading\" id=\"deja-disponible\">NOW AVAILABLE <\/h3>\n\n\n<p style=\"font-size:22px\">Or on command (delivery time from 4 to 6 weeks)<\/p>\n\n\n\n<p><em>Subtle differences in appearance are a sign that each piece is one of a kind.<\/em><\/p>","protected":false},"excerpt":{"rendered":"<p>Faites entrer la lumi\u00e8re sous votre toit avec les pi\u00e8ces iconiques de Marine Breynaert en laiton massif tourn\u00e9 et bross\u00e9 ou en aluminium massif finition epoxy textur\u00e9.N\u2019h\u00e9sitez pas \u00e0 les assembler, les lignes \u00e9pur\u00e9es et le style unique de ses lampes et ses bougeoirs se fondent dans tous les int\u00e9rieurs.Vous pouvez composer votre pi\u00e8ce en [&hellip;]<\/p>","protected":false},"featured_media":1297,"template":"","meta":{"_acf_changed":false,"_seopress_robots_primary_cat":"none","_seopress_titles_title":"Lampes et bougeoirs uniques de Marine Breynaert - Design et \u00e9l\u00e9gance","_seopress_titles_desc":"D\u00e9couvrez des lampes et bougeoirs en m\u00e9tal fa\u00e7onn\u00e9s \u00e0 la main, alliant \u00e9l\u00e9gance et design, disponibles en 4 coloris uniques, dont le vert Majuno.","_seopress_robots_index":""},"product_brand":[],"product_cat":[75],"product_tag":[],"class_list":{"0":"post-290","1":"product","2":"type-product","3":"status-publish","4":"has-post-thumbnail","6":"product_cat-luminaires","8":"first","9":"instock","10":"taxable","11":"shipping-taxable","12":"purchasable","13":"product-type-variable"},"acf":[],"_links":{"self":[{"href":"https:\/\/www.majuno.fr\/en\/wp-json\/wp\/v2\/product\/290","targetHints":{"allow":["GET"]}}],"collection":[{"href":"https:\/\/www.majuno.fr\/en\/wp-json\/wp\/v2\/product"}],"about":[{"href":"https:\/\/www.majuno.fr\/en\/wp-json\/wp\/v2\/types\/product"}],"wp:featuredmedia":[{"embeddable":true,"href":"https:\/\/www.majuno.fr\/en\/wp-json\/wp\/v2\/media\/1297"}],"wp:attachment":[{"href":"https:\/\/www.majuno.fr\/en\/wp-json\/wp\/v2\/media?parent=290"}],"wp:term":[{"taxonomy":"product_brand","embeddable":true,"href":"https:\/\/www.majuno.fr\/en\/wp-json\/wp\/v2\/product_brand?post=290"},{"taxonomy":"product_cat","embeddable":true,"href":"https:\/\/www.majuno.fr\/en\/wp-json\/wp\/v2\/product_cat?post=290"},{"taxonomy":"product_tag","embeddable":true,"href":"https:\/\/www.majuno.fr\/en\/wp-json\/wp\/v2\/product_tag?post=290"}],"curies":[{"name":"wp","href":"https:\/\/api.w.org\/{rel}","templated":true}]}}