{"id":282,"date":"2023-08-02T12:39:33","date_gmt":"2023-08-02T10:39:33","guid":{"rendered":"https:\/\/www.majuno.fr\/?p=282"},"modified":"2024-07-18T18:41:55","modified_gmt":"2024-07-18T16:41:55","slug":"table-magma-par-jean%e2%80%91charles-matrone","status":"publish","type":"product","link":"https:\/\/www.majuno.fr\/en\/product\/magma-table\/","title":{"rendered":"Magma Table by <br\/><small>Jean\u2011Charles Matrone<\/small>"},"content":{"rendered":"<p>An exceptional coffee table, in a limited series of 8 numbered pieces, created in collaboration between Majuno and Jean-Charles Matrone. When a master of fire discovers the Auvergne volcanoes, the result is this piece of rare originality.<\/p>\n\n\n\n<p>As a lava enameller, Jean-Charles Matrone makes beauty burst from Auvergne's volcanoes and works the enamel as if it were an endless palette of sensations. Hefty, robust and smooth to the touch, the lava that's been subjected to extreme temperatures is this creator's privileged medium, a territory highly saturated with colors where the spectacular meets the refinement of contemporary silhouettes.<\/p>\n\n\n\n<figure class=\"wp-block-gallery has-nested-images columns-default is-cropped wp-block-gallery-1 is-layout-flex wp-block-gallery-is-layout-flex\">\n<figure class=\"wp-block-image size-large col-2\"><img alt=\"table magma par &lt;br\/&gt;&lt;small&gt;jean\u2011charles matrone&lt;\/small&gt;\" decoding=\"async\" width=\"1024\" height=\"634\" data-id=\"1281\" src=\"https:\/\/www.majuno.fr\/wp-content\/uploads\/2023\/08\/resize-lave_0W5A2958-1024x634.jpg\" class=\"wp-image-1281\" srcset=\"https:\/\/www.majuno.fr\/wp-content\/uploads\/2023\/08\/resize-lave_0W5A2958-1024x634.jpg 1024w, https:\/\/www.majuno.fr\/wp-content\/uploads\/2023\/08\/resize-lave_0W5A2958-300x186.jpg 300w, https:\/\/www.majuno.fr\/wp-content\/uploads\/2023\/08\/resize-lave_0W5A2958-768x475.jpg 768w, https:\/\/www.majuno.fr\/wp-content\/uploads\/2023\/08\/resize-lave_0W5A2958-1536x950.jpg 1536w, https:\/\/www.majuno.fr\/wp-content\/uploads\/2023\/08\/resize-lave_0W5A2958-600x371.jpg 600w, https:\/\/www.majuno.fr\/wp-content\/uploads\/2023\/08\/resize-lave_0W5A2958.jpg 1781w\" sizes=\"(max-width: 1024px) 100vw, 1024px\" \/><\/figure>\n\n\n\n<figure class=\"wp-block-image size-large col-1\"><img alt=\"Carreaux en c\u00e9ramique, motifs noirs et jaunes contrast\u00e9s.\" decoding=\"async\" width=\"683\" height=\"1024\" data-id=\"582\" src=\"https:\/\/www.majuno.fr\/wp-content\/uploads\/2023\/08\/0W5A5496-683x1024.jpg\" class=\"wp-image-582\" srcset=\"https:\/\/www.majuno.fr\/wp-content\/uploads\/2023\/08\/0W5A5496-683x1024.jpg 683w, https:\/\/www.majuno.fr\/wp-content\/uploads\/2023\/08\/0W5A5496-200x300.jpg 200w, https:\/\/www.majuno.fr\/wp-content\/uploads\/2023\/08\/0W5A5496-768x1152.jpg 768w, https:\/\/www.majuno.fr\/wp-content\/uploads\/2023\/08\/0W5A5496-1024x1536.jpg 1024w, https:\/\/www.majuno.fr\/wp-content\/uploads\/2023\/08\/0W5A5496-1366x2048.jpg 1366w, https:\/\/www.majuno.fr\/wp-content\/uploads\/2023\/08\/0W5A5496-600x900.jpg 600w, https:\/\/www.majuno.fr\/wp-content\/uploads\/2023\/08\/0W5A5496-scaled.jpg 1707w\" sizes=\"(max-width: 683px) 100vw, 683px\" \/><\/figure>\n<\/figure>\n\n\n\n<p>In this very limited series every piece stands out on its own, a testament to Jean-Charles Matrone's expertise, the result of an alchemy based on fire, pigment and the volcanic origins of the material.<\/p>\n\n\n\n<figure class=\"wp-block-gallery has-nested-images columns-default is-cropped wp-block-gallery-2 is-layout-flex wp-block-gallery-is-layout-flex\">\n<figure class=\"wp-block-image size-large col-1\"><img alt=\"D\u00e9tail d&#039;une table en bois moderne.\" decoding=\"async\" width=\"683\" height=\"1024\" data-id=\"583\" src=\"https:\/\/www.majuno.fr\/wp-content\/uploads\/2023\/08\/0W5A5587-683x1024.jpg\" class=\"wp-image-583\" srcset=\"https:\/\/www.majuno.fr\/wp-content\/uploads\/2023\/08\/0W5A5587-683x1024.jpg 683w, https:\/\/www.majuno.fr\/wp-content\/uploads\/2023\/08\/0W5A5587-200x300.jpg 200w, https:\/\/www.majuno.fr\/wp-content\/uploads\/2023\/08\/0W5A5587-768x1152.jpg 768w, https:\/\/www.majuno.fr\/wp-content\/uploads\/2023\/08\/0W5A5587-1024x1536.jpg 1024w, https:\/\/www.majuno.fr\/wp-content\/uploads\/2023\/08\/0W5A5587-1366x2048.jpg 1366w, https:\/\/www.majuno.fr\/wp-content\/uploads\/2023\/08\/0W5A5587-600x900.jpg 600w, https:\/\/www.majuno.fr\/wp-content\/uploads\/2023\/08\/0W5A5587-scaled.jpg 1707w\" sizes=\"(max-width: 683px) 100vw, 683px\" \/><\/figure>\n\n\n\n<figure class=\"wp-block-image size-large col-1\"><img alt=\"Gros plan de la surface d&#039;une table en bois.\" decoding=\"async\" width=\"683\" height=\"1024\" data-id=\"584\" src=\"https:\/\/www.majuno.fr\/wp-content\/uploads\/2023\/08\/0W5A5597-683x1024.jpg\" class=\"wp-image-584\" srcset=\"https:\/\/www.majuno.fr\/wp-content\/uploads\/2023\/08\/0W5A5597-683x1024.jpg 683w, https:\/\/www.majuno.fr\/wp-content\/uploads\/2023\/08\/0W5A5597-200x300.jpg 200w, https:\/\/www.majuno.fr\/wp-content\/uploads\/2023\/08\/0W5A5597-768x1152.jpg 768w, https:\/\/www.majuno.fr\/wp-content\/uploads\/2023\/08\/0W5A5597-1024x1536.jpg 1024w, https:\/\/www.majuno.fr\/wp-content\/uploads\/2023\/08\/0W5A5597-1366x2048.jpg 1366w, https:\/\/www.majuno.fr\/wp-content\/uploads\/2023\/08\/0W5A5597-600x900.jpg 600w, https:\/\/www.majuno.fr\/wp-content\/uploads\/2023\/08\/0W5A5597-scaled.jpg 1707w\" sizes=\"(max-width: 683px) 100vw, 683px\" \/><\/figure>\n<\/figure>\n\n\n\n<p>Solid black ash is a bold and sophisticated choice that will add a powerful touch to your decor. Perfectly suited to spaces with contemporary, urban or industrial design, its grain and deep stain give it a unique appearance brimming with character.<\/p>\n\n\n\n<p>Indulge in the boldness of the base, which echoes the chamfers and the rounded curves of the top, revealing the attention paid to every detail.<\/p>\n\n\n\n<hr class=\"wp-block-separator has-alpha-channel-opacity\"\/>\n\n\n\n<p class=\"has-small-font-size\">Length : 1300mm<br>Width : 695mm<br>Height : 500mm<br>Weight: 59kg<\/p>\n\n\n<h3 class=\"wp-block-heading\" id=\"prix-sur-demande\">Price on request<\/h3>\n\n\n<p>Limited series of 7 pieces (delivery time from 12 to 14 weeks) + prototype in stock<\/p>\n\n\n\n<p><em><em>Subtle differences in appearance are a sign that each piece is one of a kind.<\/em><\/em><\/p>","protected":false},"excerpt":{"rendered":"<p>Table basse d\u2019exception, en s\u00e9rie limit\u00e9e \u00e0 8 exemplaires num\u00e9rot\u00e9s, n\u00e9e de la collaboration entre Majuno et Jean-Charles Matrone. Une pi\u00e8ce d\u2019une rare originalit\u00e9, issue de la fusion entre l\u2019imagination d\u2019un ma\u00eetre du feu et la lave des volcans d\u2019Auvergne. \u00c9mailleur sur lave, Jean-Charles Matrone fait jaillir la beaut\u00e9 des volcans d\u2019Auvergne et travaille les [&hellip;]<\/p>","protected":false},"featured_media":579,"template":"","meta":{"_acf_changed":false,"_seopress_robots_primary_cat":"none","_seopress_titles_title":"Majuno &amp; Matrone: uniques tableaux bas en lave des volcans d&#039;Auvergne","_seopress_titles_desc":"S\u00e9rie limit\u00e9e en lave d&#039;Auvergne. Design unique et audacieux, fabriqu\u00e9 \u00e0 la main. Commandez la v\u00f4tre et sublimez votre int\u00e9rieur!","_seopress_robots_index":""},"product_brand":[],"product_cat":[69],"product_tag":[],"class_list":{"0":"post-282","1":"product","2":"type-product","3":"status-publish","4":"has-post-thumbnail","6":"product_cat-la-lave","8":"first","9":"outofstock","10":"taxable","11":"shipping-taxable","12":"purchasable","13":"product-type-simple"},"acf":[],"_links":{"self":[{"href":"https:\/\/www.majuno.fr\/en\/wp-json\/wp\/v2\/product\/282","targetHints":{"allow":["GET"]}}],"collection":[{"href":"https:\/\/www.majuno.fr\/en\/wp-json\/wp\/v2\/product"}],"about":[{"href":"https:\/\/www.majuno.fr\/en\/wp-json\/wp\/v2\/types\/product"}],"wp:featuredmedia":[{"embeddable":true,"href":"https:\/\/www.majuno.fr\/en\/wp-json\/wp\/v2\/media\/579"}],"wp:attachment":[{"href":"https:\/\/www.majuno.fr\/en\/wp-json\/wp\/v2\/media?parent=282"}],"wp:term":[{"taxonomy":"product_brand","embeddable":true,"href":"https:\/\/www.majuno.fr\/en\/wp-json\/wp\/v2\/product_brand?post=282"},{"taxonomy":"product_cat","embeddable":true,"href":"https:\/\/www.majuno.fr\/en\/wp-json\/wp\/v2\/product_cat?post=282"},{"taxonomy":"product_tag","embeddable":true,"href":"https:\/\/www.majuno.fr\/en\/wp-json\/wp\/v2\/product_tag?post=282"}],"curies":[{"name":"wp","href":"https:\/\/api.w.org\/{rel}","templated":true}]}}