{"id":82,"date":"2023-04-27T14:41:47","date_gmt":"2023-04-27T12:41:47","guid":{"rendered":"https:\/\/majuno.fr\/?page_id=82"},"modified":"2025-11-24T18:36:53","modified_gmt":"2025-11-24T17:36:53","slug":"contactez-nous","status":"publish","type":"page","link":"https:\/\/www.majuno.fr\/en\/contact-us\/","title":{"rendered":"Contact us"},"content":{"rendered":"<h1 class=\"wp-block-heading has-text-align-center has-medium-font-size\" style=\"letter-spacing:3px\" id=\"contactez-nous\">Contact us<\/h1>\n\n<h2 class=\"wp-block-heading has-text-align-center\" id=\"clients\">Clients<\/h2>\n\n\n<p class=\"has-text-align-center\"><a href=\"mailto:contact@majuno.fr\">contact@majuno.fr<\/a><br><\/p>\n\n\n<h2 class=\"wp-block-heading has-text-align-center\" id=\"partenariats\">Partnerships<\/h2>\n\n\n<p class=\"has-text-align-center\"><a href=\"mailto:artisan@majuno.fr\">artisan@majuno.fr<\/a><br><\/p>\n\n\n<h2 class=\"wp-block-heading has-text-align-center\" id=\"professionnels\">Business<\/h2>\n\n\n<p class=\"has-text-align-center\"><a href=\"mailto:pro@majuno.fr\">pro@majuno.fr<\/a><br><\/p>\n\n\n<h2 class=\"wp-block-heading has-text-align-center\" id=\"medias\">Media<\/h2>\n\n\n<p class=\"has-text-align-center\"><a href=\"mailto:presse@majuno.fr\">presse@majuno.fr<\/a><br><\/p>","protected":false},"excerpt":{"rendered":"<p>Contactez-nous Clients contact@majuno.fr Partenariats artisan@majuno.fr Professionnels pro@majuno.fr M\u00e9dias presse@majuno.fr<\/p>","protected":false},"author":1,"featured_media":796,"parent":0,"menu_order":0,"comment_status":"closed","ping_status":"closed","template":"page-half.php","meta":{"_acf_changed":false,"_seopress_robots_primary_cat":"","_seopress_titles_title":"Contactez Majuno: Num\u00e9ro de t\u00e9l\u00e9phone, \u00e9mail, partenariats","_seopress_titles_desc":"Joignez Majuno.fr par email ou t\u00e9l\u00e9phone. Assistance pour clients, partenariats avec artisants, solutions pour professionnels et m\u00e9dias. Contactez-nous!","_seopress_robots_index":"","footnotes":""},"class_list":["post-82","page","type-page","status-publish","has-post-thumbnail","hentry"],"acf":[],"_links":{"self":[{"href":"https:\/\/www.majuno.fr\/en\/wp-json\/wp\/v2\/pages\/82","targetHints":{"allow":["GET"]}}],"collection":[{"href":"https:\/\/www.majuno.fr\/en\/wp-json\/wp\/v2\/pages"}],"about":[{"href":"https:\/\/www.majuno.fr\/en\/wp-json\/wp\/v2\/types\/page"}],"author":[{"embeddable":true,"href":"https:\/\/www.majuno.fr\/en\/wp-json\/wp\/v2\/users\/1"}],"replies":[{"embeddable":true,"href":"https:\/\/www.majuno.fr\/en\/wp-json\/wp\/v2\/comments?post=82"}],"version-history":[{"count":9,"href":"https:\/\/www.majuno.fr\/en\/wp-json\/wp\/v2\/pages\/82\/revisions"}],"predecessor-version":[{"id":3330,"href":"https:\/\/www.majuno.fr\/en\/wp-json\/wp\/v2\/pages\/82\/revisions\/3330"}],"wp:featuredmedia":[{"embeddable":true,"href":"https:\/\/www.majuno.fr\/en\/wp-json\/wp\/v2\/media\/796"}],"wp:attachment":[{"href":"https:\/\/www.majuno.fr\/en\/wp-json\/wp\/v2\/media?parent=82"}],"curies":[{"name":"wp","href":"https:\/\/api.w.org\/{rel}","templated":true}]}}